{"id":77,"date":"2024-08-28T07:59:37","date_gmt":"2024-08-28T05:59:37","guid":{"rendered":"https:\/\/fascinating-romaricpighetti.wordpress.com\/?page_id=77"},"modified":"2024-09-03T08:47:22","modified_gmt":"2024-09-03T06:47:22","slug":"actualites-competition","status":"publish","type":"page","link":"https:\/\/billardclubcastrais.fr\/?page_id=77","title":{"rendered":"Actualit\u00e9s comp\u00e9tition"},"content":{"rendered":"\n<div class=\"wp-block-group alignfull has-global-padding is-content-justification-center is-layout-constrained wp-container-core-group-is-layout-888b3e69 wp-block-group-is-layout-constrained\" style=\"margin-top:0;margin-bottom:0;padding-top:calc( 0.5 * var(u002du002dwpu002du002dstyleu002du002drootu002du002dpadding-right, var(u002du002dwpu002du002dcustomu002du002dgapu002du002dhorizontal)));padding-right:var(u002du002dwpu002du002dstyleu002du002drootu002du002dpadding-right, var(u002du002dwpu002du002dcustomu002du002dgapu002du002dhorizontal));padding-bottom:calc( 0.5 * var(u002du002dwpu002du002dstyleu002du002drootu002du002dpadding-right, var(u002du002dwpu002du002dcustomu002du002dgapu002du002dhorizontal)));padding-left:var(u002du002dwpu002du002dstyleu002du002drootu002du002dpadding-left, var(u002du002dwpu002du002dcustomu002du002dgapu002du002dhorizontal))\">\n<div style=\"height:calc( 0.25 * var(u002du002dwpu002du002dstyleu002du002drootu002du002dpadding-right, var(u002du002dwpu002du002dcustomu002du002dgapu002du002dhorizontal)))\" aria-hidden=\"true\" class=\"wp-block-spacer\"><\/div>\n\n\n\n<div class=\"wp-block-group alignfull has-global-padding is-content-justification-center is-layout-constrained wp-container-core-group-is-layout-888b3e69 wp-block-group-is-layout-constrained\" style=\"margin-top:0;margin-bottom:0;padding-top:calc( 0.5 * var(u002du002dwpu002du002dstyleu002du002drootu002du002dpadding-right, var(u002du002dwpu002du002dcustomu002du002dgapu002du002dhorizontal)));padding-right:var(u002du002dwpu002du002dstyleu002du002drootu002du002dpadding-right, var(u002du002dwpu002du002dcustomu002du002dgapu002du002dhorizontal));padding-bottom:calc( 0.5 * var(u002du002dwpu002du002dstyleu002du002drootu002du002dpadding-right, var(u002du002dwpu002du002dcustomu002du002dgapu002du002dhorizontal)));padding-left:var(u002du002dwpu002du002dstyleu002du002drootu002du002dpadding-left, var(u002du002dwpu002du002dcustomu002du002dgapu002du002dhorizontal))\">\n<div data-wp-context=\"{}\" data-wp-interactive=\"core\/query\" data-wp-key=\"9\" data-wp-router-region=\"query-9\" class=\"wp-block-query alignwide is-layout-flow wp-block-query-is-layout-flow\"><ul class=\"wp-block-post-template is-layout-flow wp-container-core-post-template-is-layout-09c064ec wp-block-post-template-is-layout-flow\"><li data-wp-key=\"post-template-item-285\" class=\"wp-block-post post-285 post type-post status-publish format-standard has-post-thumbnail hentry category-blackball category-competition\">\n\n<div class=\"wp-block-columns is-layout-flex wp-container-core-columns-is-layout-658170e2 wp-block-columns-is-layout-flex\">\n<div class=\"wp-block-column is-layout-flow wp-block-column-is-layout-flow\" style=\"flex-basis:40%\"><figure style=\"aspect-ratio:4\/3;\" class=\"wp-block-post-featured-image\"><a href=\"https:\/\/billardclubcastrais.fr\/?p=285\" target=\"_self\"  ><img loading=\"lazy\" decoding=\"async\" width=\"960\" height=\"407\" src=\"https:\/\/billardclubcastrais.fr\/wp-content\/uploads\/2025\/04\/6db82f31d33da8ee7208763d35e53788.png\" class=\"attachment-post-thumbnail size-post-thumbnail wp-post-image\" alt=\"6\u00e8me Tournoi national blackball \u00e0 bo\u00e9.\" style=\"width:100%;height:100%;object-fit:cover;\" srcset=\"https:\/\/billardclubcastrais.fr\/wp-content\/uploads\/2025\/04\/6db82f31d33da8ee7208763d35e53788.png 960w, https:\/\/billardclubcastrais.fr\/wp-content\/uploads\/2025\/04\/6db82f31d33da8ee7208763d35e53788-300x127.png 300w, https:\/\/billardclubcastrais.fr\/wp-content\/uploads\/2025\/04\/6db82f31d33da8ee7208763d35e53788-768x326.png 768w\" sizes=\"auto, (max-width: 960px) 100vw, 960px\" \/><\/a><\/figure><\/div>\n\n\n\n<div class=\"wp-block-column is-vertically-aligned-center is-layout-flow wp-block-column-is-layout-flow\" style=\"flex-basis:60%\">\n<div class=\"wp-block-group has-global-padding is-content-justification-left is-layout-constrained wp-container-core-group-is-layout-0effa23f wp-block-group-is-layout-constrained\"><h3 class=\"has-text-align-left no-underline wp-block-post-title has-large-font-size\"><a href=\"https:\/\/billardclubcastrais.fr\/?p=285\" target=\"_self\" >6\u00e8me Tournoi national blackball \u00e0 bo\u00e9.<\/a><\/h3>\n\n<div class=\"wp-block-post-date has-small-font-size\"><time datetime=\"2025-04-17T15:59:43+02:00\">17 avril 2025<\/time><\/div>\n\n\n<div style=\"height:var(--wp--preset--spacing--10)\" aria-hidden=\"true\" class=\"wp-block-spacer\"><\/div>\n\n\n<div class=\"wp-block-post-excerpt\"><p class=\"wp-block-post-excerpt__excerpt\">Du 25 au 27 avril prochain se d\u00e9roulera le prochain tournoi national de blackball de la saison. La 6\u00e8me \u00e9dition des tournois nationaux, organis\u00e9s en tout de France, se d\u00e9roule cette fois \u00e0 Bo\u00e9 pr\u00e8s d&rsquo;Agen. L&rsquo;ensemble des joueurs blackball masters ainsi que les diff\u00e9rentes disciplines (mixtes, v\u00e9t\u00e9ran, handi, jeunes et \u00e9quipes) seront disput\u00e9es pour\u2026 <\/p><\/div><\/div>\n<\/div>\n<\/div>\n\n\n\n<div style=\"height:var(--wp--preset--spacing--10)\" aria-hidden=\"true\" class=\"wp-block-spacer\"><\/div>\n\n<\/li><li data-wp-key=\"post-template-item-108\" class=\"wp-block-post post-108 post type-post status-publish format-standard has-post-thumbnail hentry category-blackball category-competition\">\n\n<div class=\"wp-block-columns is-layout-flex wp-container-core-columns-is-layout-658170e2 wp-block-columns-is-layout-flex\">\n<div class=\"wp-block-column is-layout-flow wp-block-column-is-layout-flow\" style=\"flex-basis:40%\"><figure style=\"aspect-ratio:4\/3;\" class=\"wp-block-post-featured-image\"><a href=\"https:\/\/billardclubcastrais.fr\/?p=108\" target=\"_self\"  ><img loading=\"lazy\" decoding=\"async\" width=\"2048\" height=\"1536\" src=\"https:\/\/billardclubcastrais.fr\/wp-content\/uploads\/2024\/08\/2024_05_photo_blackball.jpg\" class=\"attachment-post-thumbnail size-post-thumbnail wp-post-image\" alt=\"Finale de ligue r\u00e9gionale par \u00e9quipe blackball 2024\" style=\"width:100%;height:100%;object-fit:cover;\" srcset=\"https:\/\/billardclubcastrais.fr\/wp-content\/uploads\/2024\/08\/2024_05_photo_blackball.jpg 2048w, https:\/\/billardclubcastrais.fr\/wp-content\/uploads\/2024\/08\/2024_05_photo_blackball-300x225.jpg 300w, https:\/\/billardclubcastrais.fr\/wp-content\/uploads\/2024\/08\/2024_05_photo_blackball-1024x768.jpg 1024w, https:\/\/billardclubcastrais.fr\/wp-content\/uploads\/2024\/08\/2024_05_photo_blackball-768x576.jpg 768w, https:\/\/billardclubcastrais.fr\/wp-content\/uploads\/2024\/08\/2024_05_photo_blackball-1536x1152.jpg 1536w\" sizes=\"auto, (max-width: 2048px) 100vw, 2048px\" \/><\/a><\/figure><\/div>\n\n\n\n<div class=\"wp-block-column is-vertically-aligned-center is-layout-flow wp-block-column-is-layout-flow\" style=\"flex-basis:60%\">\n<div class=\"wp-block-group has-global-padding is-content-justification-left is-layout-constrained wp-container-core-group-is-layout-0effa23f wp-block-group-is-layout-constrained\"><h3 class=\"has-text-align-left no-underline wp-block-post-title has-large-font-size\"><a href=\"https:\/\/billardclubcastrais.fr\/?p=108\" target=\"_self\" >Finale de ligue r\u00e9gionale par \u00e9quipe blackball 2024<\/a><\/h3>\n\n<div class=\"wp-block-post-date has-small-font-size\"><time datetime=\"2024-08-29T07:46:44+02:00\">29 ao\u00fbt 2024<\/time><\/div>\n\n\n<div style=\"height:var(--wp--preset--spacing--10)\" aria-hidden=\"true\" class=\"wp-block-spacer\"><\/div>\n\n\n<div class=\"wp-block-post-excerpt\"><p class=\"wp-block-post-excerpt__excerpt\">Dimanche 19 mai, nos castrais ont disput\u00e9 la finale de ligue par \u00e9quipe r\u00e9gion Occitanie. Ils se sont bien battus avec une premier victoire contre Pau 9 a 7 avec deux fermes sur le match. Une attente de quelques heures pour affronter en quart de finale nos amis des black cats d&rsquo;Albi. Castres s&rsquo;inclinera 7\u2026 <\/p><\/div><\/div>\n<\/div>\n<\/div>\n\n\n\n<div style=\"height:var(--wp--preset--spacing--10)\" aria-hidden=\"true\" class=\"wp-block-spacer\"><\/div>\n\n<\/li><\/ul>\n\n\n<div style=\"height:var(--wp--preset--spacing--10)\" aria-hidden=\"true\" class=\"wp-block-spacer\"><\/div>\n\n\n<\/div>\n<\/div>\n\n\n\n<div style=\"height:calc( 0.25 * var(u002du002dwpu002du002dstyleu002du002drootu002du002dpadding-right, var(u002du002dwpu002du002dcustomu002du002dgapu002du002dhorizontal)))\" aria-hidden=\"true\" class=\"wp-block-spacer\"><\/div>\n<\/div>\n","protected":false},"excerpt":{"rendered":"","protected":false},"author":2,"featured_media":0,"parent":0,"menu_order":0,"comment_status":"closed","ping_status":"closed","template":"","meta":{"footnotes":""},"class_list":["post-77","page","type-page","status-publish","hentry"],"_links":{"self":[{"href":"https:\/\/billardclubcastrais.fr\/index.php?rest_route=\/wp\/v2\/pages\/77","targetHints":{"allow":["GET"]}}],"collection":[{"href":"https:\/\/billardclubcastrais.fr\/index.php?rest_route=\/wp\/v2\/pages"}],"about":[{"href":"https:\/\/billardclubcastrais.fr\/index.php?rest_route=\/wp\/v2\/types\/page"}],"author":[{"embeddable":true,"href":"https:\/\/billardclubcastrais.fr\/index.php?rest_route=\/wp\/v2\/users\/2"}],"replies":[{"embeddable":true,"href":"https:\/\/billardclubcastrais.fr\/index.php?rest_route=%2Fwp%2Fv2%2Fcomments&post=77"}],"version-history":[{"count":1,"href":"https:\/\/billardclubcastrais.fr\/index.php?rest_route=\/wp\/v2\/pages\/77\/revisions"}],"predecessor-version":[{"id":124,"href":"https:\/\/billardclubcastrais.fr\/index.php?rest_route=\/wp\/v2\/pages\/77\/revisions\/124"}],"wp:attachment":[{"href":"https:\/\/billardclubcastrais.fr\/index.php?rest_route=%2Fwp%2Fv2%2Fmedia&parent=77"}],"curies":[{"name":"wp","href":"https:\/\/api.w.org\/{rel}","templated":true}]}}