{"id":75,"date":"2024-08-28T07:57:51","date_gmt":"2024-08-28T05:57:51","guid":{"rendered":"https:\/\/fascinating-romaricpighetti.wordpress.com\/?page_id=75"},"modified":"2024-08-28T07:57:51","modified_gmt":"2024-08-28T05:57:51","slug":"actualites","status":"publish","type":"page","link":"https:\/\/billardclubcastrais.fr\/?page_id=75","title":{"rendered":"Actualit\u00e9s"},"content":{"rendered":"\n<div class=\"wp-block-group alignfull has-global-padding is-content-justification-center is-layout-constrained wp-container-core-group-is-layout-888b3e69 wp-block-group-is-layout-constrained\" style=\"margin-top:0;margin-bottom:0;padding-top:calc( 0.5 * var(u002du002dwpu002du002dstyleu002du002drootu002du002dpadding-right, var(u002du002dwpu002du002dcustomu002du002dgapu002du002dhorizontal)));padding-right:var(u002du002dwpu002du002dstyleu002du002drootu002du002dpadding-right, var(u002du002dwpu002du002dcustomu002du002dgapu002du002dhorizontal));padding-bottom:calc( 0.5 * var(u002du002dwpu002du002dstyleu002du002drootu002du002dpadding-right, var(u002du002dwpu002du002dcustomu002du002dgapu002du002dhorizontal)));padding-left:var(u002du002dwpu002du002dstyleu002du002drootu002du002dpadding-left, var(u002du002dwpu002du002dcustomu002du002dgapu002du002dhorizontal))\">\n<div style=\"height:calc( 0.25 * var(u002du002dwpu002du002dstyleu002du002drootu002du002dpadding-right, var(u002du002dwpu002du002dcustomu002du002dgapu002du002dhorizontal)))\" aria-hidden=\"true\" class=\"wp-block-spacer\"><\/div>\n\n\n\n<div class=\"wp-block-group alignfull has-global-padding is-content-justification-center is-layout-constrained wp-container-core-group-is-layout-888b3e69 wp-block-group-is-layout-constrained\" style=\"margin-top:0;margin-bottom:0;padding-top:calc( 0.5 * var(u002du002dwpu002du002dstyleu002du002drootu002du002dpadding-right, var(u002du002dwpu002du002dcustomu002du002dgapu002du002dhorizontal)));padding-right:var(u002du002dwpu002du002dstyleu002du002drootu002du002dpadding-right, var(u002du002dwpu002du002dcustomu002du002dgapu002du002dhorizontal));padding-bottom:calc( 0.5 * var(u002du002dwpu002du002dstyleu002du002drootu002du002dpadding-right, var(u002du002dwpu002du002dcustomu002du002dgapu002du002dhorizontal)));padding-left:var(u002du002dwpu002du002dstyleu002du002drootu002du002dpadding-left, var(u002du002dwpu002du002dcustomu002du002dgapu002du002dhorizontal))\">\n<div data-wp-context=\"{}\" data-wp-interactive=\"core\/query\" data-wp-key=\"9\" data-wp-router-region=\"query-9\" class=\"wp-block-query alignwide is-layout-flow wp-block-query-is-layout-flow\"><ul class=\"wp-block-post-template is-layout-flow wp-container-core-post-template-is-layout-09c064ec wp-block-post-template-is-layout-flow\"><li data-wp-key=\"post-template-item-285\" class=\"wp-block-post post-285 post type-post status-publish format-standard has-post-thumbnail hentry category-blackball category-competition\">\n\n<div style=\"height:100px\" aria-hidden=\"true\" class=\"wp-block-spacer\"><\/div>\n\n\n\n<div class=\"wp-block-columns is-layout-flex wp-container-core-columns-is-layout-658170e2 wp-block-columns-is-layout-flex\">\n<div class=\"wp-block-column is-layout-flow wp-block-column-is-layout-flow\" style=\"flex-basis:40%\"><figure style=\"aspect-ratio:4\/3;\" class=\"wp-block-post-featured-image\"><a href=\"https:\/\/billardclubcastrais.fr\/?p=285\" target=\"_self\"  ><img loading=\"lazy\" decoding=\"async\" width=\"960\" height=\"407\" src=\"https:\/\/billardclubcastrais.fr\/wp-content\/uploads\/2025\/04\/6db82f31d33da8ee7208763d35e53788.png\" class=\"attachment-post-thumbnail size-post-thumbnail wp-post-image\" alt=\"6\u00e8me Tournoi national blackball \u00e0 bo\u00e9.\" style=\"width:100%;height:100%;object-fit:cover;\" srcset=\"https:\/\/billardclubcastrais.fr\/wp-content\/uploads\/2025\/04\/6db82f31d33da8ee7208763d35e53788.png 960w, https:\/\/billardclubcastrais.fr\/wp-content\/uploads\/2025\/04\/6db82f31d33da8ee7208763d35e53788-300x127.png 300w, https:\/\/billardclubcastrais.fr\/wp-content\/uploads\/2025\/04\/6db82f31d33da8ee7208763d35e53788-768x326.png 768w\" sizes=\"auto, (max-width: 960px) 100vw, 960px\" \/><\/a><\/figure><\/div>\n\n\n\n<div class=\"wp-block-column is-vertically-aligned-center is-layout-flow wp-block-column-is-layout-flow\" style=\"flex-basis:60%\">\n<div class=\"wp-block-group has-global-padding is-content-justification-left is-layout-constrained wp-container-core-group-is-layout-0effa23f wp-block-group-is-layout-constrained\"><h3 class=\"has-text-align-left no-underline wp-block-post-title has-large-font-size\"><a href=\"https:\/\/billardclubcastrais.fr\/?p=285\" target=\"_self\" >6\u00e8me Tournoi national blackball \u00e0 bo\u00e9.<\/a><\/h3>\n\n<div class=\"wp-block-post-date has-small-font-size\"><time datetime=\"2025-04-17T15:59:43+02:00\">17 avril 2025<\/time><\/div>\n\n\n<div style=\"height:var(--wp--preset--spacing--10)\" aria-hidden=\"true\" class=\"wp-block-spacer\"><\/div>\n\n\n<div class=\"wp-block-post-excerpt\"><p class=\"wp-block-post-excerpt__excerpt\">Du 25 au 27 avril prochain se d\u00e9roulera le prochain tournoi national de blackball de la saison. La 6\u00e8me \u00e9dition des tournois nationaux, organis\u00e9s en tout de France, se d\u00e9roule cette fois \u00e0 Bo\u00e9 pr\u00e8s d&rsquo;Agen. L&rsquo;ensemble des joueurs blackball masters ainsi que les diff\u00e9rentes disciplines (mixtes, v\u00e9t\u00e9ran, handi, jeunes et \u00e9quipes) seront disput\u00e9es pour\u2026 <\/p><\/div><\/div>\n<\/div>\n<\/div>\n\n\n\n<div style=\"height:var(--wp--preset--spacing--10)\" aria-hidden=\"true\" class=\"wp-block-spacer\"><\/div>\n\n<\/li><li data-wp-key=\"post-template-item-272\" class=\"wp-block-post post-272 post type-post status-publish format-standard has-post-thumbnail hentry category-carambole\">\n\n<div style=\"height:100px\" aria-hidden=\"true\" class=\"wp-block-spacer\"><\/div>\n\n\n\n<div class=\"wp-block-columns is-layout-flex wp-container-core-columns-is-layout-658170e2 wp-block-columns-is-layout-flex\">\n<div class=\"wp-block-column is-layout-flow wp-block-column-is-layout-flow\" style=\"flex-basis:40%\"><figure style=\"aspect-ratio:4\/3;\" class=\"wp-block-post-featured-image\"><a href=\"https:\/\/billardclubcastrais.fr\/?p=272\" target=\"_self\"  ><img loading=\"lazy\" decoding=\"async\" width=\"815\" height=\"672\" src=\"https:\/\/billardclubcastrais.fr\/wp-content\/uploads\/2025\/04\/Finale-Ligue-1bande-N3-e1744886835674.jpg\" class=\"attachment-post-thumbnail size-post-thumbnail wp-post-image\" alt=\"Finale de Ligue : 1 Bande N3\" style=\"width:100%;height:100%;object-fit:cover;\" srcset=\"https:\/\/billardclubcastrais.fr\/wp-content\/uploads\/2025\/04\/Finale-Ligue-1bande-N3-e1744886835674.jpg 815w, https:\/\/billardclubcastrais.fr\/wp-content\/uploads\/2025\/04\/Finale-Ligue-1bande-N3-e1744886835674-300x247.jpg 300w, https:\/\/billardclubcastrais.fr\/wp-content\/uploads\/2025\/04\/Finale-Ligue-1bande-N3-e1744886835674-768x633.jpg 768w\" sizes=\"auto, (max-width: 815px) 100vw, 815px\" \/><\/a><\/figure><\/div>\n\n\n\n<div class=\"wp-block-column is-vertically-aligned-center is-layout-flow wp-block-column-is-layout-flow\" style=\"flex-basis:60%\">\n<div class=\"wp-block-group has-global-padding is-content-justification-left is-layout-constrained wp-container-core-group-is-layout-0effa23f wp-block-group-is-layout-constrained\"><h3 class=\"has-text-align-left no-underline wp-block-post-title has-large-font-size\"><a href=\"https:\/\/billardclubcastrais.fr\/?p=272\" target=\"_self\" >Finale de Ligue : 1 Bande N3<\/a><\/h3>\n\n<div class=\"wp-block-post-date has-small-font-size\"><time datetime=\"2025-04-17T13:07:09+02:00\">17 avril 2025<\/time><\/div>\n\n\n<div style=\"height:var(--wp--preset--spacing--10)\" aria-hidden=\"true\" class=\"wp-block-spacer\"><\/div>\n\n\n<div class=\"wp-block-post-excerpt\"><p class=\"wp-block-post-excerpt__excerpt\">Ce Week-end des 12 &amp; 13 avril 2025, le Billard Club de St Gaudens organisait la finale de Ligue&nbsp;: 1 bande National 3 La comp\u00e9tition s\u2019est d\u00e9roul\u00e9e sur 2 jours entre 6 joueurs, apr\u00e8s des parties \u00e2prement disput\u00e9es le vainqueur est\u00a0: Philippe Bossuwe de Castres suivi de Andr\u00e9 Ferrere de St Gaudens et d\u2019 Alain\u2026 <\/p><\/div><\/div>\n<\/div>\n<\/div>\n\n\n\n<div style=\"height:var(--wp--preset--spacing--10)\" aria-hidden=\"true\" class=\"wp-block-spacer\"><\/div>\n\n<\/li><li data-wp-key=\"post-template-item-159\" class=\"wp-block-post post-159 post type-post status-publish format-standard has-post-thumbnail hentry category-non-classe\">\n\n<div style=\"height:100px\" aria-hidden=\"true\" class=\"wp-block-spacer\"><\/div>\n\n\n\n<div class=\"wp-block-columns is-layout-flex wp-container-core-columns-is-layout-658170e2 wp-block-columns-is-layout-flex\">\n<div class=\"wp-block-column is-layout-flow wp-block-column-is-layout-flow\" style=\"flex-basis:40%\"><figure style=\"aspect-ratio:4\/3;\" class=\"wp-block-post-featured-image\"><a href=\"https:\/\/billardclubcastrais.fr\/?p=159\" target=\"_self\"  ><img loading=\"lazy\" decoding=\"async\" width=\"1500\" height=\"1066\" src=\"https:\/\/billardclubcastrais.fr\/wp-content\/uploads\/2025\/04\/Vue-Brasserie.jpg\" class=\"attachment-post-thumbnail size-post-thumbnail wp-post-image\" alt=\"La \u00ab\u00a0Brasserie C\u00f4t\u00e9 Jardin\u00a0\u00bb SPONSOR du BCC\" style=\"width:100%;height:100%;object-fit:cover;\" \/><\/a><\/figure><\/div>\n\n\n\n<div class=\"wp-block-column is-vertically-aligned-center is-layout-flow wp-block-column-is-layout-flow\" style=\"flex-basis:60%\">\n<div class=\"wp-block-group has-global-padding is-content-justification-left is-layout-constrained wp-container-core-group-is-layout-0effa23f wp-block-group-is-layout-constrained\"><h3 class=\"has-text-align-left no-underline wp-block-post-title has-large-font-size\"><a href=\"https:\/\/billardclubcastrais.fr\/?p=159\" target=\"_self\" >La \u00ab\u00a0Brasserie C\u00f4t\u00e9 Jardin\u00a0\u00bb SPONSOR du BCC<\/a><\/h3>\n\n<div class=\"wp-block-post-date has-small-font-size\"><time datetime=\"2025-04-13T12:46:50+02:00\">13 avril 2025<\/time><\/div>\n\n\n<div style=\"height:var(--wp--preset--spacing--10)\" aria-hidden=\"true\" class=\"wp-block-spacer\"><\/div>\n\n\n<div class=\"wp-block-post-excerpt\"><p class=\"wp-block-post-excerpt__excerpt\">Le club est sponsoris\u00e9 par la \u00ab&nbsp;Brasserie C\u00f4t\u00e9 Jardin&nbsp;\u00bb place Soult dans le centre de Castres. On vous recommande tout particuli\u00e8rement cet \u00e9tablissement&nbsp;:Le chef, propose des produits frais et locaux, faits maison et cuisin\u00e9s sur place.Des classiques revisit\u00e9s aux cr\u00e9ations originales, chaque plat est \u00e9labor\u00e9 avec soin et cr\u00e9ativit\u00e9, pour des saveurs authentiques et inoubliables.On\u2026 <\/p><\/div><\/div>\n<\/div>\n<\/div>\n\n\n\n<div style=\"height:var(--wp--preset--spacing--10)\" aria-hidden=\"true\" class=\"wp-block-spacer\"><\/div>\n\n<\/li><li data-wp-key=\"post-template-item-232\" class=\"wp-block-post post-232 post type-post status-publish format-standard has-post-thumbnail hentry category-blackball category-carambole\">\n\n<div style=\"height:100px\" aria-hidden=\"true\" class=\"wp-block-spacer\"><\/div>\n\n\n\n<div class=\"wp-block-columns is-layout-flex wp-container-core-columns-is-layout-658170e2 wp-block-columns-is-layout-flex\">\n<div class=\"wp-block-column is-layout-flow wp-block-column-is-layout-flow\" style=\"flex-basis:40%\"><figure style=\"aspect-ratio:4\/3;\" class=\"wp-block-post-featured-image\"><a href=\"https:\/\/billardclubcastrais.fr\/?p=232\" target=\"_self\"  ><img loading=\"lazy\" decoding=\"async\" width=\"685\" height=\"267\" src=\"https:\/\/billardclubcastrais.fr\/wp-content\/uploads\/2025\/01\/24jours_billard_feminin_2025.png\" class=\"attachment-post-thumbnail size-post-thumbnail wp-post-image\" alt=\"24 jours de billard au f\u00e9minin du 24 janvier au 17 f\u00e9vrier\" style=\"width:100%;height:100%;object-fit:cover;\" srcset=\"https:\/\/billardclubcastrais.fr\/wp-content\/uploads\/2025\/01\/24jours_billard_feminin_2025.png 685w, https:\/\/billardclubcastrais.fr\/wp-content\/uploads\/2025\/01\/24jours_billard_feminin_2025-300x117.png 300w\" sizes=\"auto, (max-width: 685px) 100vw, 685px\" \/><\/a><\/figure><\/div>\n\n\n\n<div class=\"wp-block-column is-vertically-aligned-center is-layout-flow wp-block-column-is-layout-flow\" style=\"flex-basis:60%\">\n<div class=\"wp-block-group has-global-padding is-content-justification-left is-layout-constrained wp-container-core-group-is-layout-0effa23f wp-block-group-is-layout-constrained\"><h3 class=\"has-text-align-left no-underline wp-block-post-title has-large-font-size\"><a href=\"https:\/\/billardclubcastrais.fr\/?p=232\" target=\"_self\" >24 jours de billard au f\u00e9minin du 24 janvier au 17 f\u00e9vrier<\/a><\/h3>\n\n<div class=\"wp-block-post-date has-small-font-size\"><time datetime=\"2025-01-13T12:01:19+01:00\">13 janvier 2025<\/time><\/div>\n\n\n<div style=\"height:var(--wp--preset--spacing--10)\" aria-hidden=\"true\" class=\"wp-block-spacer\"><\/div>\n\n\n<div class=\"wp-block-post-excerpt\"><p class=\"wp-block-post-excerpt__excerpt\">\u00c0 l\u2019occasion de la journ\u00e9e internationale du sport f\u00e9minin, le billard club castrais joue les prolongations !&nbsp; Durant 24 jours, nous proposons de faire d\u00e9couvrir notre sport aux femmes, entre amies, seules ou en famille. L\u2019objectif de cette op\u00e9ration est d\u2019am\u00e9liorer l\u2019accessibilit\u00e9 du public f\u00e9minin dans les clubs et de lutter contre les st\u00e9r\u00e9otypes en\u2026 <\/p><\/div><\/div>\n<\/div>\n<\/div>\n\n\n\n<div style=\"height:var(--wp--preset--spacing--10)\" aria-hidden=\"true\" class=\"wp-block-spacer\"><\/div>\n\n<\/li><li data-wp-key=\"post-template-item-210\" class=\"wp-block-post post-210 post type-post status-publish format-standard has-post-thumbnail hentry category-carambole\">\n\n<div style=\"height:100px\" aria-hidden=\"true\" class=\"wp-block-spacer\"><\/div>\n\n\n\n<div class=\"wp-block-columns is-layout-flex wp-container-core-columns-is-layout-658170e2 wp-block-columns-is-layout-flex\">\n<div class=\"wp-block-column is-layout-flow wp-block-column-is-layout-flow\" style=\"flex-basis:40%\"><figure style=\"aspect-ratio:4\/3;\" class=\"wp-block-post-featured-image\"><a href=\"https:\/\/billardclubcastrais.fr\/?p=210\" target=\"_self\"  ><img loading=\"lazy\" decoding=\"async\" width=\"1000\" height=\"544\" src=\"https:\/\/billardclubcastrais.fr\/wp-content\/uploads\/2024\/12\/IMG_2web.jpg\" class=\"attachment-post-thumbnail size-post-thumbnail wp-post-image\" alt=\"Formation aux Jeux de S\u00e9rie\" style=\"width:100%;height:100%;object-fit:cover;\" srcset=\"https:\/\/billardclubcastrais.fr\/wp-content\/uploads\/2024\/12\/IMG_2web.jpg 1000w, https:\/\/billardclubcastrais.fr\/wp-content\/uploads\/2024\/12\/IMG_2web-300x163.jpg 300w, https:\/\/billardclubcastrais.fr\/wp-content\/uploads\/2024\/12\/IMG_2web-768x418.jpg 768w\" sizes=\"auto, (max-width: 1000px) 100vw, 1000px\" \/><\/a><\/figure><\/div>\n\n\n\n<div class=\"wp-block-column is-vertically-aligned-center is-layout-flow wp-block-column-is-layout-flow\" style=\"flex-basis:60%\">\n<div class=\"wp-block-group has-global-padding is-content-justification-left is-layout-constrained wp-container-core-group-is-layout-0effa23f wp-block-group-is-layout-constrained\"><h3 class=\"has-text-align-left no-underline wp-block-post-title has-large-font-size\"><a href=\"https:\/\/billardclubcastrais.fr\/?p=210\" target=\"_self\" >Formation aux Jeux de S\u00e9rie<\/a><\/h3>\n\n<div class=\"wp-block-post-date has-small-font-size\"><time datetime=\"2024-12-09T18:02:03+01:00\">9 d\u00e9cembre 2024<\/time><\/div>\n\n\n<div style=\"height:var(--wp--preset--spacing--10)\" aria-hidden=\"true\" class=\"wp-block-spacer\"><\/div>\n\n\n<div class=\"wp-block-post-excerpt\"><p class=\"wp-block-post-excerpt__excerpt\">Le samedi 07 d\u00e9cembre s\u2019est d\u00e9roul\u00e9e une formation aux jeux de s\u00e9rie anim\u00e9e par Pascal Gardin instructeur f\u00e9d\u00e9ral\u202610 personnes \u00e9taient pr\u00e9sentes\u2026Apr\u00e8s nous avoir rappel\u00e9 les principes fondamentaux et les coups techniques, Pascal nous a communiqu\u00e9 une m\u00e9thode de r\u00e9flexion\u2026 au lieu de se pr\u00e9cipiter \u00e0 jouer : faire l\u2019inventaire des possibles et d\u00e9terminer le coup\u2026 <\/p><\/div><\/div>\n<\/div>\n<\/div>\n\n\n\n<div style=\"height:var(--wp--preset--spacing--10)\" aria-hidden=\"true\" class=\"wp-block-spacer\"><\/div>\n\n<\/li><\/ul>\n\n\n<div style=\"height:var(--wp--preset--spacing--10)\" aria-hidden=\"true\" class=\"wp-block-spacer\"><\/div>\n\n\n<nav class=\"wp-block-query-pagination is-content-justification-space-between is-layout-flex wp-container-core-query-pagination-is-layout-b2891da8 wp-block-query-pagination-is-layout-flex\" aria-label=\"Pagination\">\n\n\n<a data-wp-key=\"query-pagination-next\" data-wp-on--click=\"core\/query::actions.navigate\" data-wp-on--mouseenter=\"core\/query::actions.prefetch\" data-wp-watch=\"core\/query::callbacks.prefetch\" href=\"\/index.php?rest_route=%2Fwp%2Fv2%2Fpages%2F75&#038;query-9-page=2\" class=\"wp-block-query-pagination-next\">Page suivante<\/a>\n<\/nav><\/div>\n<\/div>\n\n\n\n<div style=\"height:calc( 0.25 * var(u002du002dwpu002du002dstyleu002du002drootu002du002dpadding-right, var(u002du002dwpu002du002dcustomu002du002dgapu002du002dhorizontal)))\" aria-hidden=\"true\" class=\"wp-block-spacer\"><\/div>\n<\/div>\n","protected":false},"excerpt":{"rendered":"","protected":false},"author":2,"featured_media":0,"parent":0,"menu_order":0,"comment_status":"closed","ping_status":"closed","template":"","meta":{"footnotes":""},"class_list":["post-75","page","type-page","status-publish","hentry"],"_links":{"self":[{"href":"https:\/\/billardclubcastrais.fr\/index.php?rest_route=\/wp\/v2\/pages\/75","targetHints":{"allow":["GET"]}}],"collection":[{"href":"https:\/\/billardclubcastrais.fr\/index.php?rest_route=\/wp\/v2\/pages"}],"about":[{"href":"https:\/\/billardclubcastrais.fr\/index.php?rest_route=\/wp\/v2\/types\/page"}],"author":[{"embeddable":true,"href":"https:\/\/billardclubcastrais.fr\/index.php?rest_route=\/wp\/v2\/users\/2"}],"replies":[{"embeddable":true,"href":"https:\/\/billardclubcastrais.fr\/index.php?rest_route=%2Fwp%2Fv2%2Fcomments&post=75"}],"version-history":[{"count":0,"href":"https:\/\/billardclubcastrais.fr\/index.php?rest_route=\/wp\/v2\/pages\/75\/revisions"}],"wp:attachment":[{"href":"https:\/\/billardclubcastrais.fr\/index.php?rest_route=%2Fwp%2Fv2%2Fmedia&parent=75"}],"curies":[{"name":"wp","href":"https:\/\/api.w.org\/{rel}","templated":true}]}}