{"id":7,"date":"2024-04-28T06:37:17","date_gmt":"2024-04-28T06:37:17","guid":{"rendered":"http:\/\/fascinating-romaricpighetti.wordpress.com\/?page_id=1"},"modified":"2024-04-28T06:37:17","modified_gmt":"2024-04-28T06:37:17","slug":"about","status":"publish","type":"page","link":"https:\/\/billardclubcastrais.fr\/?page_id=7","title":{"rendered":"L&rsquo;histoire"},"content":{"rendered":"\n<p>Le club de billard de Castres est cr\u00e9\u00e9 en 1977 par Maurice Viguier, chef d\u2019entreprise, et Pierre Garcia, professeur au coll\u00e8ge des C\u00e8dres. Monsieur Viguier en sera le pr\u00e9sident pendant trois septennats ( un record).<br>Le local se situe \u00e0 Aillot, et la salle, attenante \u00e0 un caf\u00e9, est fournie par le patron, monsieur Gonzalez.<\/p>\n\n\n\n<p>Le succ\u00e8s est imm\u00e9diat : :les trois billards de 2.80m sont constamment occup\u00e9s et il faut s\u2019inscrire pour pouvoir jouer\u2026 au bout de deux heures !<\/p>\n\n\n\n<p>Le club d\u00e9m\u00e9nage ensuite dans un local pr\u00eat\u00e9 par la mairie dans l\u2019ancienne \u00e9cole de Crabi\u00e9. Il y reste quelques ann\u00e9es.<\/p>\n\n\n\n<p>Enfin en 1993, il s\u2019installe dans la salle actuelle, fournie et am\u00e9nag\u00e9e, encore, par la municipalit\u00e9.<\/p>\n\n\n\n<p>De nombreuses comp\u00e9titions r\u00e9gionales et six finales de championnat de France on \u00e9t\u00e9 organis\u00e9es : trois dans les locaux du club et trois dans la salle G\u00e9rard Philippe, dont la plus prestigieuse a vu la participation et la victoire de Francis Connesson, plusieurs fois champion d\u2019Europe et du Monde de billard fran\u00e7ais, et qui d\u00e9tient toujours le record de la meilleure s\u00e9rie \u00e0 la bande: 199 !<br>Quant aux joueurs castrais, ils ont remport\u00e9s de nombreux titres r\u00e9gionaux et nationaux: citons Jean-Marc Calvel, Master, Pierre Garcia, ex-Master, Jean-Paul Decourt( N1) , Dominique Pinel (N1), C\u00e9dric Bonnery (N1).<\/p>\n\n\n\n<p>Mais c\u2019est vers les jeunes que le club a surtout investi.<\/p>\n\n\n\n<p>C\u2019est \u00e0 Castres qu\u2019est apparu le 1er \u00ab billard \u00e0 l\u2019\u00e9cole \u00bb de France, au coll\u00e8ge des C\u00e8dres, \u00e0 l\u2019initiative de Pierre Garcia, alors responsable de la formation en Midi-Pyr\u00e9n\u00e9es. Il est le cr\u00e9ateur des trois niveaux de formation : billard de bronze, d\u2019argent et d\u2019or, toujours utilis\u00e9s par la f\u00e9d\u00e9ration fran\u00e7aise de billard.<\/p>\n\n\n\n<p>Cette aventure en milieu scolaire a pris fin il y a quelques ann\u00e9es et les billards ont \u00e9t\u00e9 retir\u00e9s des coll\u00e8ges.<br><\/p>\n\n\n\n<p>Aujourd\u2019hui, la formation des jeunes continue au sein du club via son \u00e9cole de billard en cours de labellisation. La pratique du billard s\u2019est d\u00e9velopp\u00e9e et s\u2019est \u00e9largie au Blackball ( pool anglais). La salle est \u00e9quip\u00e9e de trois blackballs et de quatre billards fran\u00e7ais et elle accueille un public vari\u00e9.<\/p>\n","protected":false},"excerpt":{"rendered":"<p>Le club de billard de Castres est cr\u00e9\u00e9 en 1977 par Maurice Viguier, chef d\u2019entreprise, et Pierre Garcia, professeur au coll\u00e8ge des C\u00e8dres. Monsieur Viguier en sera le pr\u00e9sident pendant trois septennats ( un record).Le local se situe \u00e0 Aillot, et la salle, attenante \u00e0 un caf\u00e9, est fournie par le patron, monsieur Gonzalez. Le [&hellip;]<\/p>\n","protected":false},"author":2,"featured_media":23,"parent":0,"menu_order":0,"comment_status":"closed","ping_status":"open","template":"","meta":{"footnotes":""},"class_list":["post-7","page","type-page","status-publish","has-post-thumbnail","hentry"],"_links":{"self":[{"href":"https:\/\/billardclubcastrais.fr\/index.php?rest_route=\/wp\/v2\/pages\/7","targetHints":{"allow":["GET"]}}],"collection":[{"href":"https:\/\/billardclubcastrais.fr\/index.php?rest_route=\/wp\/v2\/pages"}],"about":[{"href":"https:\/\/billardclubcastrais.fr\/index.php?rest_route=\/wp\/v2\/types\/page"}],"author":[{"embeddable":true,"href":"https:\/\/billardclubcastrais.fr\/index.php?rest_route=\/wp\/v2\/users\/2"}],"replies":[{"embeddable":true,"href":"https:\/\/billardclubcastrais.fr\/index.php?rest_route=%2Fwp%2Fv2%2Fcomments&post=7"}],"version-history":[{"count":0,"href":"https:\/\/billardclubcastrais.fr\/index.php?rest_route=\/wp\/v2\/pages\/7\/revisions"}],"wp:featuredmedia":[{"embeddable":true,"href":"https:\/\/billardclubcastrais.fr\/index.php?rest_route=\/wp\/v2\/media\/23"}],"wp:attachment":[{"href":"https:\/\/billardclubcastrais.fr\/index.php?rest_route=%2Fwp%2Fv2%2Fmedia&parent=7"}],"curies":[{"name":"wp","href":"https:\/\/api.w.org\/{rel}","templated":true}]}}