{"id":68,"date":"2024-08-28T07:56:27","date_gmt":"2024-08-28T05:56:27","guid":{"rendered":"https:\/\/fascinating-romaricpighetti.wordpress.com\/?page_id=68"},"modified":"2024-09-03T08:47:06","modified_gmt":"2024-09-03T06:47:06","slug":"actualite-blackball","status":"publish","type":"page","link":"https:\/\/billardclubcastrais.fr\/?page_id=68","title":{"rendered":"Actualit\u00e9s blackball"},"content":{"rendered":"\n<div class=\"wp-block-group alignfull has-global-padding is-content-justification-center is-layout-constrained wp-container-core-group-is-layout-df757ecc wp-block-group-is-layout-constrained\" style=\"margin-top:0;margin-bottom:0;padding-top:calc( 0.5 * var(--wp--style--root--padding-right, var(--wp--custom--gap--horizontal)));padding-right:var(--wp--style--root--padding-right, var(--wp--custom--gap--horizontal));padding-bottom:calc( 0.5 * var(--wp--style--root--padding-right, var(--wp--custom--gap--horizontal)));padding-left:var(--wp--style--root--padding-left, var(--wp--custom--gap--horizontal))\">\n<div style=\"height:calc( 0.25 * var(--wp--style--root--padding-right, var(--wp--custom--gap--horizontal)))\" aria-hidden=\"true\" class=\"wp-block-spacer\"><\/div>\n\n\n\n<div class=\"wp-block-group alignfull has-global-padding is-content-justification-center is-layout-constrained wp-container-core-group-is-layout-df757ecc wp-block-group-is-layout-constrained\" style=\"margin-top:0;margin-bottom:0;padding-top:calc( 0.5 * var(--wp--style--root--padding-right, var(--wp--custom--gap--horizontal)));padding-right:var(--wp--style--root--padding-right, var(--wp--custom--gap--horizontal));padding-bottom:calc( 0.5 * var(--wp--style--root--padding-right, var(--wp--custom--gap--horizontal)));padding-left:var(--wp--style--root--padding-left, var(--wp--custom--gap--horizontal))\">\n<div data-wp-context=\"{}\" data-wp-interactive=\"core\/query\" data-wp-key=\"9\" data-wp-router-region=\"query-9\" class=\"wp-block-query alignwide is-layout-flow wp-block-query-is-layout-flow\"><ul class=\"wp-block-post-template is-layout-flow wp-container-core-post-template-is-layout-09c064ec wp-block-post-template-is-layout-flow\"><li data-wp-key=\"post-template-item-285\" class=\"wp-block-post post-285 post type-post status-publish format-standard has-post-thumbnail hentry category-blackball category-competition\">\n\n<div class=\"wp-block-columns is-layout-flex wp-container-core-columns-is-layout-658170e2 wp-block-columns-is-layout-flex\">\n<div class=\"wp-block-column is-layout-flow wp-block-column-is-layout-flow\" style=\"flex-basis:40%\"><figure style=\"aspect-ratio:4\/3;\" class=\"wp-block-post-featured-image\"><a href=\"https:\/\/billardclubcastrais.fr\/?p=285\" target=\"_self\"  ><img loading=\"lazy\" decoding=\"async\" width=\"960\" height=\"407\" src=\"https:\/\/billardclubcastrais.fr\/wp-content\/uploads\/2025\/04\/6db82f31d33da8ee7208763d35e53788.png\" class=\"attachment-post-thumbnail size-post-thumbnail wp-post-image\" alt=\"6\u00e8me Tournoi national blackball \u00e0 bo\u00e9.\" style=\"width:100%;height:100%;object-fit:cover;\" srcset=\"https:\/\/billardclubcastrais.fr\/wp-content\/uploads\/2025\/04\/6db82f31d33da8ee7208763d35e53788.png 960w, https:\/\/billardclubcastrais.fr\/wp-content\/uploads\/2025\/04\/6db82f31d33da8ee7208763d35e53788-300x127.png 300w, https:\/\/billardclubcastrais.fr\/wp-content\/uploads\/2025\/04\/6db82f31d33da8ee7208763d35e53788-768x326.png 768w\" sizes=\"auto, (max-width: 960px) 100vw, 960px\" \/><\/a><\/figure><\/div>\n\n\n\n<div class=\"wp-block-column is-vertically-aligned-center is-layout-flow wp-block-column-is-layout-flow\" style=\"flex-basis:60%\">\n<div class=\"wp-block-group has-global-padding is-content-justification-left is-layout-constrained wp-container-core-group-is-layout-0effa23f wp-block-group-is-layout-constrained\"><h3 class=\"has-text-align-left no-underline wp-block-post-title has-large-font-size\"><a href=\"https:\/\/billardclubcastrais.fr\/?p=285\" target=\"_self\" >6\u00e8me Tournoi national blackball \u00e0 bo\u00e9.<\/a><\/h3>\n\n<div class=\"wp-block-post-date has-small-font-size\"><time datetime=\"2025-04-17T15:59:43+02:00\">17 avril 2025<\/time><\/div>\n\n\n<div style=\"height:var(--wp--preset--spacing--10)\" aria-hidden=\"true\" class=\"wp-block-spacer\"><\/div>\n\n\n<div class=\"wp-block-post-excerpt\"><p class=\"wp-block-post-excerpt__excerpt\">Du 25 au 27 avril prochain se d\u00e9roulera le prochain tournoi national de blackball de la saison. La 6\u00e8me \u00e9dition des tournois nationaux, organis\u00e9s en tout de France, se d\u00e9roule cette fois \u00e0 Bo\u00e9 pr\u00e8s d&rsquo;Agen. L&rsquo;ensemble des joueurs blackball masters ainsi que les diff\u00e9rentes disciplines (mixtes, v\u00e9t\u00e9ran, handi, jeunes et \u00e9quipes) seront disput\u00e9es pour\u2026 <\/p><\/div><\/div>\n<\/div>\n<\/div>\n\n\n\n<div style=\"height:var(--wp--preset--spacing--10)\" aria-hidden=\"true\" class=\"wp-block-spacer\"><\/div>\n\n<\/li><li data-wp-key=\"post-template-item-232\" class=\"wp-block-post post-232 post type-post status-publish format-standard has-post-thumbnail hentry category-blackball category-carambole\">\n\n<div class=\"wp-block-columns is-layout-flex wp-container-core-columns-is-layout-658170e2 wp-block-columns-is-layout-flex\">\n<div class=\"wp-block-column is-layout-flow wp-block-column-is-layout-flow\" style=\"flex-basis:40%\"><figure style=\"aspect-ratio:4\/3;\" class=\"wp-block-post-featured-image\"><a href=\"https:\/\/billardclubcastrais.fr\/?p=232\" target=\"_self\"  ><img loading=\"lazy\" decoding=\"async\" width=\"685\" height=\"267\" src=\"https:\/\/billardclubcastrais.fr\/wp-content\/uploads\/2025\/01\/24jours_billard_feminin_2025.png\" class=\"attachment-post-thumbnail size-post-thumbnail wp-post-image\" alt=\"24 jours de billard au f\u00e9minin du 24 janvier au 17 f\u00e9vrier\" style=\"width:100%;height:100%;object-fit:cover;\" srcset=\"https:\/\/billardclubcastrais.fr\/wp-content\/uploads\/2025\/01\/24jours_billard_feminin_2025.png 685w, https:\/\/billardclubcastrais.fr\/wp-content\/uploads\/2025\/01\/24jours_billard_feminin_2025-300x117.png 300w\" sizes=\"auto, (max-width: 685px) 100vw, 685px\" \/><\/a><\/figure><\/div>\n\n\n\n<div class=\"wp-block-column is-vertically-aligned-center is-layout-flow wp-block-column-is-layout-flow\" style=\"flex-basis:60%\">\n<div class=\"wp-block-group has-global-padding is-content-justification-left is-layout-constrained wp-container-core-group-is-layout-0effa23f wp-block-group-is-layout-constrained\"><h3 class=\"has-text-align-left no-underline wp-block-post-title has-large-font-size\"><a href=\"https:\/\/billardclubcastrais.fr\/?p=232\" target=\"_self\" >24 jours de billard au f\u00e9minin du 24 janvier au 17 f\u00e9vrier<\/a><\/h3>\n\n<div class=\"wp-block-post-date has-small-font-size\"><time datetime=\"2025-01-13T12:01:19+01:00\">13 janvier 2025<\/time><\/div>\n\n\n<div style=\"height:var(--wp--preset--spacing--10)\" aria-hidden=\"true\" class=\"wp-block-spacer\"><\/div>\n\n\n<div class=\"wp-block-post-excerpt\"><p class=\"wp-block-post-excerpt__excerpt\">\u00c0 l\u2019occasion de la journ\u00e9e internationale du sport f\u00e9minin, le billard club castrais joue les prolongations !&nbsp; Durant 24 jours, nous proposons de faire d\u00e9couvrir notre sport aux femmes, entre amies, seules ou en famille. L\u2019objectif de cette op\u00e9ration est d\u2019am\u00e9liorer l\u2019accessibilit\u00e9 du public f\u00e9minin dans les clubs et de lutter contre les st\u00e9r\u00e9otypes en\u2026 <\/p><\/div><\/div>\n<\/div>\n<\/div>\n\n\n\n<div style=\"height:var(--wp--preset--spacing--10)\" aria-hidden=\"true\" class=\"wp-block-spacer\"><\/div>\n\n<\/li><li data-wp-key=\"post-template-item-117\" class=\"wp-block-post post-117 post type-post status-publish format-standard has-post-thumbnail hentry category-blackball category-carambole\">\n\n<div class=\"wp-block-columns is-layout-flex wp-container-core-columns-is-layout-658170e2 wp-block-columns-is-layout-flex\">\n<div class=\"wp-block-column is-layout-flow wp-block-column-is-layout-flow\" style=\"flex-basis:40%\"><figure style=\"aspect-ratio:4\/3;\" class=\"wp-block-post-featured-image\"><a href=\"https:\/\/billardclubcastrais.fr\/?p=117\" target=\"_self\"  ><img loading=\"lazy\" decoding=\"async\" width=\"1500\" height=\"2000\" src=\"https:\/\/billardclubcastrais.fr\/wp-content\/uploads\/2024\/08\/2024_06_convivial.jpg\" class=\"attachment-post-thumbnail size-post-thumbnail wp-post-image\" alt=\"Journ\u00e9e d&rsquo;\u00e9changes blackball &#8211; fran\u00e7ais\" style=\"width:100%;height:100%;object-fit:cover;\" srcset=\"https:\/\/billardclubcastrais.fr\/wp-content\/uploads\/2024\/08\/2024_06_convivial.jpg 1500w, https:\/\/billardclubcastrais.fr\/wp-content\/uploads\/2024\/08\/2024_06_convivial-225x300.jpg 225w, https:\/\/billardclubcastrais.fr\/wp-content\/uploads\/2024\/08\/2024_06_convivial-768x1024.jpg 768w, https:\/\/billardclubcastrais.fr\/wp-content\/uploads\/2024\/08\/2024_06_convivial-1152x1536.jpg 1152w\" sizes=\"auto, (max-width: 1500px) 100vw, 1500px\" \/><\/a><\/figure><\/div>\n\n\n\n<div class=\"wp-block-column is-vertically-aligned-center is-layout-flow wp-block-column-is-layout-flow\" style=\"flex-basis:60%\">\n<div class=\"wp-block-group has-global-padding is-content-justification-left is-layout-constrained wp-container-core-group-is-layout-0effa23f wp-block-group-is-layout-constrained\"><h3 class=\"has-text-align-left no-underline wp-block-post-title has-large-font-size\"><a href=\"https:\/\/billardclubcastrais.fr\/?p=117\" target=\"_self\" >Journ\u00e9e d&rsquo;\u00e9changes blackball &#8211; fran\u00e7ais<\/a><\/h3>\n\n<div class=\"wp-block-post-date has-small-font-size\"><time datetime=\"2024-08-29T08:06:39+02:00\">29 ao\u00fbt 2024<\/time><\/div>\n\n\n<div style=\"height:var(--wp--preset--spacing--10)\" aria-hidden=\"true\" class=\"wp-block-spacer\"><\/div>\n\n\n<div class=\"wp-block-post-excerpt\"><p class=\"wp-block-post-excerpt__excerpt\">Ce 15 juin 2024, l&rsquo;ensemble du club de billard castrais s&rsquo;est r\u00e9uni pour partager un moment convivial commun autour de la pratique du billard. Les joueurs de billard fran\u00e7ais ont pu s&rsquo;essayer au blackball, sous les conseils des connaisseurs, et inversement ! Une journ\u00e9e enrichissante, montrant les d\u00e9fis pr\u00e9sent\u00e9s par ces deux disciplines et permettant\u2026 <\/p><\/div><\/div>\n<\/div>\n<\/div>\n\n\n\n<div style=\"height:var(--wp--preset--spacing--10)\" aria-hidden=\"true\" class=\"wp-block-spacer\"><\/div>\n\n<\/li><li data-wp-key=\"post-template-item-108\" class=\"wp-block-post post-108 post type-post status-publish format-standard has-post-thumbnail hentry category-blackball category-competition\">\n\n<div class=\"wp-block-columns is-layout-flex wp-container-core-columns-is-layout-658170e2 wp-block-columns-is-layout-flex\">\n<div class=\"wp-block-column is-layout-flow wp-block-column-is-layout-flow\" style=\"flex-basis:40%\"><figure style=\"aspect-ratio:4\/3;\" class=\"wp-block-post-featured-image\"><a href=\"https:\/\/billardclubcastrais.fr\/?p=108\" target=\"_self\"  ><img loading=\"lazy\" decoding=\"async\" width=\"2048\" height=\"1536\" src=\"https:\/\/billardclubcastrais.fr\/wp-content\/uploads\/2024\/08\/2024_05_photo_blackball.jpg\" class=\"attachment-post-thumbnail size-post-thumbnail wp-post-image\" alt=\"Finale de ligue r\u00e9gionale par \u00e9quipe blackball 2024\" style=\"width:100%;height:100%;object-fit:cover;\" srcset=\"https:\/\/billardclubcastrais.fr\/wp-content\/uploads\/2024\/08\/2024_05_photo_blackball.jpg 2048w, https:\/\/billardclubcastrais.fr\/wp-content\/uploads\/2024\/08\/2024_05_photo_blackball-300x225.jpg 300w, https:\/\/billardclubcastrais.fr\/wp-content\/uploads\/2024\/08\/2024_05_photo_blackball-1024x768.jpg 1024w, https:\/\/billardclubcastrais.fr\/wp-content\/uploads\/2024\/08\/2024_05_photo_blackball-768x576.jpg 768w, https:\/\/billardclubcastrais.fr\/wp-content\/uploads\/2024\/08\/2024_05_photo_blackball-1536x1152.jpg 1536w\" sizes=\"auto, (max-width: 2048px) 100vw, 2048px\" \/><\/a><\/figure><\/div>\n\n\n\n<div class=\"wp-block-column is-vertically-aligned-center is-layout-flow wp-block-column-is-layout-flow\" style=\"flex-basis:60%\">\n<div class=\"wp-block-group has-global-padding is-content-justification-left is-layout-constrained wp-container-core-group-is-layout-0effa23f wp-block-group-is-layout-constrained\"><h3 class=\"has-text-align-left no-underline wp-block-post-title has-large-font-size\"><a href=\"https:\/\/billardclubcastrais.fr\/?p=108\" target=\"_self\" >Finale de ligue r\u00e9gionale par \u00e9quipe blackball 2024<\/a><\/h3>\n\n<div class=\"wp-block-post-date has-small-font-size\"><time datetime=\"2024-08-29T07:46:44+02:00\">29 ao\u00fbt 2024<\/time><\/div>\n\n\n<div style=\"height:var(--wp--preset--spacing--10)\" aria-hidden=\"true\" class=\"wp-block-spacer\"><\/div>\n\n\n<div class=\"wp-block-post-excerpt\"><p class=\"wp-block-post-excerpt__excerpt\">Dimanche 19 mai, nos castrais ont disput\u00e9 la finale de ligue par \u00e9quipe r\u00e9gion Occitanie. Ils se sont bien battus avec une premier victoire contre Pau 9 a 7 avec deux fermes sur le match. Une attente de quelques heures pour affronter en quart de finale nos amis des black cats d&rsquo;Albi. Castres s&rsquo;inclinera 7\u2026 <\/p><\/div><\/div>\n<\/div>\n<\/div>\n\n\n\n<div style=\"height:var(--wp--preset--spacing--10)\" aria-hidden=\"true\" class=\"wp-block-spacer\"><\/div>\n\n<\/li><\/ul>\n\n\n<div style=\"height:var(--wp--preset--spacing--10)\" aria-hidden=\"true\" class=\"wp-block-spacer\"><\/div>\n\n\n<\/div>\n<\/div>\n\n\n\n<div style=\"height:calc( 0.25 * var(--wp--style--root--padding-right, var(--wp--custom--gap--horizontal)))\" aria-hidden=\"true\" class=\"wp-block-spacer\"><\/div>\n<\/div>\n","protected":false},"excerpt":{"rendered":"","protected":false},"author":2,"featured_media":0,"parent":0,"menu_order":0,"comment_status":"closed","ping_status":"closed","template":"","meta":{"footnotes":""},"class_list":["post-68","page","type-page","status-publish","hentry"],"_links":{"self":[{"href":"https:\/\/billardclubcastrais.fr\/index.php?rest_route=\/wp\/v2\/pages\/68","targetHints":{"allow":["GET"]}}],"collection":[{"href":"https:\/\/billardclubcastrais.fr\/index.php?rest_route=\/wp\/v2\/pages"}],"about":[{"href":"https:\/\/billardclubcastrais.fr\/index.php?rest_route=\/wp\/v2\/types\/page"}],"author":[{"embeddable":true,"href":"https:\/\/billardclubcastrais.fr\/index.php?rest_route=\/wp\/v2\/users\/2"}],"replies":[{"embeddable":true,"href":"https:\/\/billardclubcastrais.fr\/index.php?rest_route=%2Fwp%2Fv2%2Fcomments&post=68"}],"version-history":[{"count":1,"href":"https:\/\/billardclubcastrais.fr\/index.php?rest_route=\/wp\/v2\/pages\/68\/revisions"}],"predecessor-version":[{"id":123,"href":"https:\/\/billardclubcastrais.fr\/index.php?rest_route=\/wp\/v2\/pages\/68\/revisions\/123"}],"wp:attachment":[{"href":"https:\/\/billardclubcastrais.fr\/index.php?rest_route=%2Fwp%2Fv2%2Fmedia&parent=68"}],"curies":[{"name":"wp","href":"https:\/\/api.w.org\/{rel}","templated":true}]}}