{"id":53,"date":"2024-08-27T08:51:34","date_gmt":"2024-08-27T06:51:34","guid":{"rendered":"https:\/\/fascinating-romaricpighetti.wordpress.com\/?page_id=53"},"modified":"2024-12-08T18:46:59","modified_gmt":"2024-12-08T17:46:59","slug":"infos-pratiques-2","status":"publish","type":"page","link":"https:\/\/billardclubcastrais.fr\/?page_id=53","title":{"rendered":"Infos pratiques"},"content":{"rendered":"\n<div class=\"wp-block-group alignfull has-accent-background-color has-background has-global-padding is-layout-constrained wp-container-core-group-is-layout-669513ed wp-block-group-is-layout-constrained\" style=\"margin-top:0;margin-bottom:0;padding-top:var(--wp--preset--spacing--50);padding-right:var(--wp--preset--spacing--50);padding-bottom:var(--wp--preset--spacing--50);padding-left:var(--wp--preset--spacing--50)\">\n<div class=\"wp-block-columns alignwide is-layout-flex wp-container-core-columns-is-layout-1da03c2a wp-block-columns-is-layout-flex\">\n<div class=\"wp-block-column is-vertically-aligned-stretch is-layout-flow wp-block-column-is-layout-flow\" style=\"flex-basis:50%\">\n<div class=\"wp-block-group is-vertical is-content-justification-stretch is-layout-flex wp-container-core-group-is-layout-401b7a8a wp-block-group-is-layout-flex\" style=\"min-height:100%\">\n<h2 class=\"wp-block-heading has-x-large-font-size\">Horaires<\/h2>\n\n\n\n<p>Les membres du Billard Club Castrais poss\u00e8dent une clef personnelle et b\u00e9n\u00e9ficient d&rsquo;un acc\u00e8s illimit\u00e9 \u00e0 la salle 365 jours par an.<\/p>\n\n\n\n<p>Pour les non adh\u00e9rents, merci de bien vouloir contacter un responsable.<\/p>\n<\/div>\n\n\n\n<p><\/p>\n\n\n\n<div class=\"wp-block-group is-vertical is-content-justification-stretch is-layout-flex wp-container-core-group-is-layout-401b7a8a wp-block-group-is-layout-flex\" style=\"min-height:100%\">\n<h3 class=\"wp-block-heading\">Blackball<\/h3>\n\n\n\n<p>Entra\u00eenement, apprentissage et perfectionnement<br>Jeudi soir \u00e0 partir de 20h<\/p>\n\n\n\n<h3 class=\"wp-block-heading\">Carambole<\/h3>\n\n\n\n<p>\u00c9cole de billard anim\u00e9 par des joueurs dipl\u00f4m\u00e9s<br>Vendredi 17h \u00e0 19h <\/p>\n\n\n\n<div class=\"wp-block-group has-global-padding is-layout-constrained wp-block-group-is-layout-constrained\">\n<h3 class=\"wp-block-heading\">Toute disciplines<\/h3>\n\n\n\n<p>Pratique toute la semaine organis\u00e9e en autonomie par les membres<\/p>\n<\/div>\n\n\n\n<div class=\"wp-block-group has-global-padding is-content-justification-left is-layout-constrained wp-container-core-group-is-layout-9fe8ed88 wp-block-group-is-layout-constrained\"><\/div>\n<\/div>\n<\/div>\n\n\n\n<div class=\"wp-block-column is-vertically-aligned-center is-layout-flow wp-block-column-is-layout-flow\" style=\"flex-basis:50%\">\n<figure class=\"wp-block-image size-large is-style-rounded is-style-rounded--1\"><img loading=\"lazy\" decoding=\"async\" width=\"1280\" height=\"854\" src=\"https:\/\/preprod1.lsdeh.eu\/wp-content\/uploads\/2024\/04\/carambole_home.jpg?w=1024\" alt=\"\" class=\"wp-image-26\" style=\"aspect-ratio:3\/4;object-fit:cover\" srcset=\"https:\/\/billardclubcastrais.fr\/wp-content\/uploads\/2024\/04\/carambole_home.jpg 1280w, https:\/\/billardclubcastrais.fr\/wp-content\/uploads\/2024\/04\/carambole_home-300x200.jpg 300w, https:\/\/billardclubcastrais.fr\/wp-content\/uploads\/2024\/04\/carambole_home-1024x683.jpg 1024w, https:\/\/billardclubcastrais.fr\/wp-content\/uploads\/2024\/04\/carambole_home-768x512.jpg 768w\" sizes=\"auto, (max-width: 1280px) 100vw, 1280px\" \/><\/figure>\n<\/div>\n<\/div>\n<\/div>\n\n\n\n<div class=\"wp-block-group alignfull has-base-background-color has-background has-global-padding is-layout-constrained wp-container-core-group-is-layout-d89aad35 wp-block-group-is-layout-constrained\" style=\"margin-top:0;margin-bottom:0;padding-top:var(--wp--preset--spacing--50);padding-right:var(--wp--preset--spacing--50);padding-bottom:var(--wp--preset--spacing--50);padding-left:var(--wp--preset--spacing--50)\">\n<div class=\"wp-block-columns alignwide is-layout-flex wp-container-core-columns-is-layout-549b0c86 wp-block-columns-is-layout-flex\">\n<div class=\"wp-block-column has-global-padding is-content-justification-left is-layout-constrained wp-container-core-column-is-layout-4f15e8fe wp-block-column-is-layout-constrained\" style=\"flex-basis:40%\">\n<h2 class=\"wp-block-heading\">Lieu<\/h2>\n<\/div>\n\n\n\n<div class=\"wp-block-column is-layout-flow wp-container-core-column-is-layout-119bc444 wp-block-column-is-layout-flow\" style=\"flex-basis:60%\">\n<div class=\"wp-block-columns is-layout-flex wp-container-core-columns-is-layout-87beb0d0 wp-block-columns-is-layout-flex\">\n<div class=\"wp-block-column is-layout-flow wp-block-column-is-layout-flow\">\n<p class=\"wp-container-content-9cfa9a5a\">Billard club castrais<br>8 Place Soult<br>81100 CASTRES<\/p>\n<\/div>\n<\/div>\n<\/div>\n<\/div>\n<\/div>\n\n\n\n<div class=\"wp-block-group alignfull has-accent-5-background-color has-background has-global-padding is-layout-constrained wp-container-core-group-is-layout-d89aad35 wp-block-group-is-layout-constrained\" style=\"margin-top:0;margin-bottom:0;padding-top:var(--wp--preset--spacing--50);padding-right:var(--wp--preset--spacing--50);padding-bottom:var(--wp--preset--spacing--50);padding-left:var(--wp--preset--spacing--50)\">\n<div class=\"wp-block-columns alignwide are-vertically-aligned-center is-layout-flex wp-container-core-columns-is-layout-1da03c2a wp-block-columns-is-layout-flex\">\n<div class=\"wp-block-column is-vertically-aligned-center is-layout-flow wp-block-column-is-layout-flow\" style=\"flex-basis:60%\">\n<figure class=\"wp-block-image size-full is-style-rounded wp-duotone-unset-3 is-style-rounded--2\"><img loading=\"lazy\" decoding=\"async\" width=\"1280\" height=\"600\" src=\"https:\/\/preprod1.lsdeh.eu\/wp-content\/uploads\/2024\/04\/salle_home.jpg\" alt=\"\" class=\"wp-image-24\" style=\"aspect-ratio:4\/3;object-fit:cover\" srcset=\"https:\/\/billardclubcastrais.fr\/wp-content\/uploads\/2024\/04\/salle_home.jpg 1280w, https:\/\/billardclubcastrais.fr\/wp-content\/uploads\/2024\/04\/salle_home-300x141.jpg 300w, https:\/\/billardclubcastrais.fr\/wp-content\/uploads\/2024\/04\/salle_home-1024x480.jpg 1024w, https:\/\/billardclubcastrais.fr\/wp-content\/uploads\/2024\/04\/salle_home-768x360.jpg 768w\" sizes=\"auto, (max-width: 1280px) 100vw, 1280px\" \/><\/figure>\n<\/div>\n\n\n\n<div class=\"wp-block-column is-vertically-aligned-center is-layout-flow wp-block-column-is-layout-flow\" style=\"flex-basis:40%\">\n<h2 class=\"wp-block-heading\">Tarifs<\/h2>\n\n\n\n<p>Le montant annuel de la cotisation (licence comprise)  est de 270\u20ac payable en trois tiers au cours de l&rsquo;ann\u00e9e.<\/p>\n\n\n\n<p>Pour la premi\u00e8re ann\u00e9e d&rsquo;inscription il est possible de faire un essai sur un tiers de la saison en ne payant qu&rsquo;un tiers de la licence (soit 90\u20ac pour 4 mois). Si le pratiquant souhaite continuer, le reste du montant de la licence sera d\u00fb, payable en un versement de 180\u20ac ou deux versements de 90\u20ac.<\/p>\n\n\n\n<p>Demandeurs d&#8217;emploi et conjoint.e d&rsquo;un membre : 150 \u20ac<\/p>\n\n\n\n<p>Scolaires et \u00e9tudiants : 60 \u20ac<\/p>\n\n\n\n<p> R\u00e9duction de 50 \u20ac gr\u00e2ce au Pass&rsquo;sport pour les scolaires de 6 \u00e0 17 ans  b\u00e9n\u00e9ficiaires de l&rsquo;Allocation de rentr\u00e9e scolaire, les \u00e9tudiants boursiers jusqu&rsquo;\u00e0 28 ans et les jeunes de  6 \u00e0 20 percevant l&rsquo;allocation  d&rsquo;\u00e9ducation de l&rsquo;enfant handicap\u00e9.<\/p>\n<\/div>\n<\/div>\n<\/div>\n\n\n\n<div class=\"wp-block-group alignfull has-accent-background-color has-background has-global-padding is-layout-constrained wp-container-core-group-is-layout-669513ed wp-block-group-is-layout-constrained\" style=\"margin-top:0;margin-bottom:0;padding-top:var(--wp--preset--spacing--50);padding-right:var(--wp--preset--spacing--50);padding-bottom:var(--wp--preset--spacing--50);padding-left:var(--wp--preset--spacing--50)\">\n<div class=\"wp-block-columns alignwide is-layout-flex wp-container-core-columns-is-layout-1da03c2a wp-block-columns-is-layout-flex\">\n<div class=\"wp-block-column is-vertically-aligned-stretch is-layout-flow wp-block-column-is-layout-flow\" style=\"flex-basis:50%\">\n<div class=\"wp-block-group is-vertical is-content-justification-left is-layout-flex wp-container-core-group-is-layout-b21d21b4 wp-block-group-is-layout-flex\" style=\"min-height:100%\">\n<h2 class=\"wp-block-heading has-x-large-font-size\">Offre comit\u00e9 d&rsquo;entreprise<\/h2>\n\n\n\n<p>Organisation de soir\u00e9es de groupes , de stages de coh\u00e9sion<\/p>\n\n\n\n<p>pour renforcer des liens, se conna\u00eetre collectivement, d\u00e9velopper des comp\u00e9tences : ma\u00eetrise de soi, aptitudes sociales, coop\u00e9ration, partage, prise de d\u00e9cision.<\/p>\n\n\n\n<p>Salle privatis\u00e9e , cocktail d\u00eenatoire <\/p>\n\n\n\n<p>Veuillez nous contacter pour les tarifs et modalit\u00e9s d&rsquo;organisation.<\/p>\n\n\n\n<div class=\"wp-block-group has-global-padding is-content-justification-left is-layout-constrained wp-container-core-group-is-layout-9fe8ed88 wp-block-group-is-layout-constrained\">\n<div class=\"wp-block-buttons is-layout-flex wp-block-buttons-is-layout-flex\">\n<div class=\"wp-block-button\"><a class=\"wp-block-button__link wp-element-button\" href=\"https:\/\/fascinating-romaricpighetti.wordpress.com\/contact\/\">Contact<\/a><\/div>\n<\/div>\n<\/div>\n<\/div>\n<\/div>\n\n\n\n<div class=\"wp-block-column is-vertically-aligned-center is-layout-flow wp-block-column-is-layout-flow\" style=\"flex-basis:50%\">\n<figure class=\"wp-block-image size-large is-style-rounded is-style-rounded--4\"><img loading=\"lazy\" decoding=\"async\" width=\"1280\" height=\"854\" src=\"https:\/\/preprod1.lsdeh.eu\/wp-content\/uploads\/2024\/04\/pool_home-1.jpg?w=1024\" alt=\"\" class=\"wp-image-27\" style=\"aspect-ratio:3\/4;object-fit:cover\" srcset=\"https:\/\/billardclubcastrais.fr\/wp-content\/uploads\/2024\/04\/pool_home-1.jpg 1280w, https:\/\/billardclubcastrais.fr\/wp-content\/uploads\/2024\/04\/pool_home-1-300x200.jpg 300w, https:\/\/billardclubcastrais.fr\/wp-content\/uploads\/2024\/04\/pool_home-1-1024x683.jpg 1024w, https:\/\/billardclubcastrais.fr\/wp-content\/uploads\/2024\/04\/pool_home-1-768x512.jpg 768w\" sizes=\"auto, (max-width: 1280px) 100vw, 1280px\" \/><\/figure>\n<\/div>\n<\/div>\n<\/div>\n\n\n\n<p><\/p>\n","protected":false},"excerpt":{"rendered":"<p>Horaires Les membres du Billard Club Castrais poss\u00e8dent une clef personnelle et b\u00e9n\u00e9ficient d&rsquo;un acc\u00e8s illimit\u00e9 \u00e0 la salle 365 jours par an. Pour les non adh\u00e9rents, merci de bien vouloir contacter un responsable. Blackball Entra\u00eenement, apprentissage et perfectionnementJeudi soir \u00e0 partir de 20h Carambole \u00c9cole de billard anim\u00e9 par des joueurs dipl\u00f4m\u00e9sVendredi 17h \u00e0 [&hellip;]<\/p>\n","protected":false},"author":2,"featured_media":0,"parent":0,"menu_order":0,"comment_status":"closed","ping_status":"closed","template":"","meta":{"footnotes":""},"class_list":["post-53","page","type-page","status-publish","hentry"],"_links":{"self":[{"href":"https:\/\/billardclubcastrais.fr\/index.php?rest_route=\/wp\/v2\/pages\/53","targetHints":{"allow":["GET"]}}],"collection":[{"href":"https:\/\/billardclubcastrais.fr\/index.php?rest_route=\/wp\/v2\/pages"}],"about":[{"href":"https:\/\/billardclubcastrais.fr\/index.php?rest_route=\/wp\/v2\/types\/page"}],"author":[{"embeddable":true,"href":"https:\/\/billardclubcastrais.fr\/index.php?rest_route=\/wp\/v2\/users\/2"}],"replies":[{"embeddable":true,"href":"https:\/\/billardclubcastrais.fr\/index.php?rest_route=%2Fwp%2Fv2%2Fcomments&post=53"}],"version-history":[{"count":8,"href":"https:\/\/billardclubcastrais.fr\/index.php?rest_route=\/wp\/v2\/pages\/53\/revisions"}],"predecessor-version":[{"id":173,"href":"https:\/\/billardclubcastrais.fr\/index.php?rest_route=\/wp\/v2\/pages\/53\/revisions\/173"}],"wp:attachment":[{"href":"https:\/\/billardclubcastrais.fr\/index.php?rest_route=%2Fwp%2Fv2%2Fmedia&parent=53"}],"curies":[{"name":"wp","href":"https:\/\/api.w.org\/{rel}","templated":true}]}}