{"id":42,"date":"2024-08-26T08:41:00","date_gmt":"2024-08-26T06:41:00","guid":{"rendered":"https:\/\/fascinating-romaricpighetti.wordpress.com\/?page_id=42"},"modified":"2024-12-02T19:33:31","modified_gmt":"2024-12-02T18:33:31","slug":"contact","status":"publish","type":"page","link":"https:\/\/billardclubcastrais.fr\/?page_id=42","title":{"rendered":"Contact"},"content":{"rendered":"\n<p>Vous pouvez passer nous voir sur place les jeudi soir pour le blackball ou les vendredi de 17h \u00e0 19h pour le carambole. Nous vous conseillons tout de m\u00eame de prendre contact au pr\u00e9alable pour vous assurer de notre pr\u00e9sence.<\/p>\n\n\n\n<p><\/p>\n\n\n\n<p>Pour ce faire vous pouvez nous envoyer un mail \u00e0: contact@billardclubcastrais.fr<\/p>\n\n\n\n<p>Billard club castrais<br>8 Place Soult<br>81100 CASTRES<\/p>\n\n\n\n<p><\/p>\n\n\n\n<p>Pr\u00e9sident du club et responsable discipline billard fran\u00e7ais :<\/p>\n\n\n\n<p>Bossuwe Philippe<\/p>\n\n\n\n<p>T\u00e9l. fixe : 09.63.54.17.86<\/p>\n\n\n\n<p>T\u00e9l port. : 06.26.45.09.79<\/p>\n\n\n\n<p>Mail : bossuwe.philippe@wanadoo.fr<\/p>\n\n\n\n<p>Responsable discipline billard blackball:<\/p>\n\n\n\n<p>Bayarri Laurent<\/p>\n\n\n\n<p>0780160834<\/p>\n\n\n\n<p>bayarrilaurent@gmail.com<\/p>\n","protected":false},"excerpt":{"rendered":"<p>Vous pouvez passer nous voir sur place les jeudi soir pour le blackball ou les vendredi de 17h \u00e0 19h pour le carambole. Nous vous conseillons tout de m\u00eame de prendre contact au pr\u00e9alable pour vous assurer de notre pr\u00e9sence. Pour ce faire vous pouvez nous envoyer un mail \u00e0: contact@billardclubcastrais.fr Billard club castrais8 Place [&hellip;]<\/p>\n","protected":false},"author":2,"featured_media":0,"parent":0,"menu_order":0,"comment_status":"closed","ping_status":"closed","template":"","meta":{"footnotes":""},"class_list":["post-42","page","type-page","status-publish","hentry"],"_links":{"self":[{"href":"https:\/\/billardclubcastrais.fr\/index.php?rest_route=\/wp\/v2\/pages\/42","targetHints":{"allow":["GET"]}}],"collection":[{"href":"https:\/\/billardclubcastrais.fr\/index.php?rest_route=\/wp\/v2\/pages"}],"about":[{"href":"https:\/\/billardclubcastrais.fr\/index.php?rest_route=\/wp\/v2\/types\/page"}],"author":[{"embeddable":true,"href":"https:\/\/billardclubcastrais.fr\/index.php?rest_route=\/wp\/v2\/users\/2"}],"replies":[{"embeddable":true,"href":"https:\/\/billardclubcastrais.fr\/index.php?rest_route=%2Fwp%2Fv2%2Fcomments&post=42"}],"version-history":[{"count":3,"href":"https:\/\/billardclubcastrais.fr\/index.php?rest_route=\/wp\/v2\/pages\/42\/revisions"}],"predecessor-version":[{"id":155,"href":"https:\/\/billardclubcastrais.fr\/index.php?rest_route=\/wp\/v2\/pages\/42\/revisions\/155"}],"wp:attachment":[{"href":"https:\/\/billardclubcastrais.fr\/index.php?rest_route=%2Fwp%2Fv2%2Fmedia&parent=42"}],"curies":[{"name":"wp","href":"https:\/\/api.w.org\/{rel}","templated":true}]}}