{"id":32,"date":"2024-08-26T08:34:47","date_gmt":"2024-08-26T06:34:47","guid":{"rendered":"https:\/\/fascinating-romaricpighetti.wordpress.com\/?page_id=32"},"modified":"2024-08-26T08:34:47","modified_gmt":"2024-08-26T06:34:47","slug":"lequipe","status":"publish","type":"page","link":"https:\/\/billardclubcastrais.fr\/?page_id=32","title":{"rendered":"L&rsquo;\u00e9quipe"},"content":{"rendered":"\n<div class=\"wp-block-group alignfull is-style-section-2 has-global-padding is-content-justification-center is-layout-constrained wp-block-group-is-layout-constrained\" style=\"margin-top:0;margin-bottom:0\">\n<div style=\"height:var(--wp--preset--spacing--30)\" aria-hidden=\"true\" class=\"wp-block-spacer\"><\/div>\n\n\n\n<div class=\"wp-block-columns alignwide is-layout-flex wp-container-core-columns-is-layout-9effc7d7 wp-block-columns-is-layout-flex\">\n<div class=\"wp-block-column is-layout-flow wp-container-core-column-is-layout-f5bb311e wp-block-column-is-layout-flow\">\n<figure class=\"wp-block-image size-full is-style-rounded is-style-rounded--1\"><img decoding=\"async\" src=\"https:\/\/dotcompatterns.wordpress.com\/wp-content\/uploads\/2024\/01\/paint-square.jpg\" alt=\"\" class=\"wp-image-13684\" style=\"aspect-ratio:1;object-fit:cover\" \/><\/figure>\n\n\n\n<h3 class=\"wp-block-heading has-text-align-center has-small-font-size\">Philippe Bossuwe<br>Pr\u00e9sident<\/h3>\n<\/div>\n\n\n\n<div class=\"wp-block-column is-layout-flow wp-container-core-column-is-layout-f5bb311e wp-block-column-is-layout-flow\">\n<figure class=\"wp-block-image size-full is-style-rounded is-style-rounded--2\"><img decoding=\"async\" src=\"https:\/\/dotcompatterns.wordpress.com\/wp-content\/uploads\/2024\/01\/paint-square.jpg\" alt=\"\" class=\"wp-image-13684\" style=\"aspect-ratio:1;object-fit:cover\" \/><\/figure>\n\n\n\n<h3 class=\"wp-block-heading has-text-align-center has-small-font-size\">Jean Michel Decabooter<br>Tr\u00e9sorier<\/h3>\n<\/div>\n\n\n\n<div class=\"wp-block-column is-layout-flow wp-container-core-column-is-layout-f5bb311e wp-block-column-is-layout-flow\">\n<figure class=\"wp-block-image size-full is-style-rounded is-style-rounded--3\"><img decoding=\"async\" src=\"https:\/\/dotcompatterns.wordpress.com\/wp-content\/uploads\/2024\/01\/paint-square.jpg\" alt=\"\" class=\"wp-image-13684\" style=\"aspect-ratio:1;object-fit:cover\" \/><\/figure>\n\n\n\n<h3 class=\"wp-block-heading has-text-align-center has-small-font-size\">Perrutel Christian<br>Tr\u00e9sorier adjoint<\/h3>\n<\/div>\n\n\n\n<div class=\"wp-block-column is-layout-flow wp-container-core-column-is-layout-f5bb311e wp-block-column-is-layout-flow\">\n<figure class=\"wp-block-image size-full is-style-rounded is-style-rounded--4\"><img decoding=\"async\" src=\"https:\/\/dotcompatterns.wordpress.com\/wp-content\/uploads\/2024\/01\/paint-square.jpg\" alt=\"\" class=\"wp-image-13684\" style=\"aspect-ratio:1;object-fit:cover\" \/><\/figure>\n\n\n\n<h3 class=\"wp-block-heading has-text-align-center has-small-font-size\">Bayarri Laurent<br>Secr\u00e9taire<\/h3>\n<\/div>\n\n\n\n<div class=\"wp-block-column is-layout-flow wp-container-core-column-is-layout-f5bb311e wp-block-column-is-layout-flow\">\n<figure class=\"wp-block-image size-full is-style-rounded is-style-rounded--5\"><img decoding=\"async\" src=\"https:\/\/dotcompatterns.wordpress.com\/wp-content\/uploads\/2024\/01\/paint-square.jpg\" alt=\"\" class=\"wp-image-13684\" style=\"aspect-ratio:1;object-fit:cover\" \/><\/figure>\n\n\n\n<h3 class=\"wp-block-heading has-text-align-center has-small-font-size\">Frayssinet Jacques<br>Secr\u00e9taire adjoint<\/h3>\n<\/div>\n<\/div>\n\n\n\n<div style=\"height:var(--wp--preset--spacing--40)\" aria-hidden=\"true\" class=\"wp-block-spacer\"><\/div>\n<\/div>\n\n\n\n<p><\/p>\n","protected":false},"excerpt":{"rendered":"<p>Philippe BossuwePr\u00e9sident Jean Michel DecabooterTr\u00e9sorier Perrutel ChristianTr\u00e9sorier adjoint Bayarri LaurentSecr\u00e9taire Frayssinet JacquesSecr\u00e9taire adjoint<\/p>\n","protected":false},"author":2,"featured_media":0,"parent":0,"menu_order":0,"comment_status":"closed","ping_status":"closed","template":"","meta":{"footnotes":""},"class_list":["post-32","page","type-page","status-publish","hentry"],"_links":{"self":[{"href":"https:\/\/billardclubcastrais.fr\/index.php?rest_route=\/wp\/v2\/pages\/32","targetHints":{"allow":["GET"]}}],"collection":[{"href":"https:\/\/billardclubcastrais.fr\/index.php?rest_route=\/wp\/v2\/pages"}],"about":[{"href":"https:\/\/billardclubcastrais.fr\/index.php?rest_route=\/wp\/v2\/types\/page"}],"author":[{"embeddable":true,"href":"https:\/\/billardclubcastrais.fr\/index.php?rest_route=\/wp\/v2\/users\/2"}],"replies":[{"embeddable":true,"href":"https:\/\/billardclubcastrais.fr\/index.php?rest_route=%2Fwp%2Fv2%2Fcomments&post=32"}],"version-history":[{"count":0,"href":"https:\/\/billardclubcastrais.fr\/index.php?rest_route=\/wp\/v2\/pages\/32\/revisions"}],"wp:attachment":[{"href":"https:\/\/billardclubcastrais.fr\/index.php?rest_route=%2Fwp%2Fv2%2Fmedia&parent=32"}],"curies":[{"name":"wp","href":"https:\/\/api.w.org\/{rel}","templated":true}]}}